{"id":388,"date":"2021-10-19T11:22:48","date_gmt":"2021-10-19T11:22:48","guid":{"rendered":"https:\/\/www.anderkamera.de\/?page_id=388"},"modified":"2021-11-02T12:04:57","modified_gmt":"2021-11-02T12:04:57","slug":"portrait-fotografie-aus-dem-herzen-des-ruhrgebietes","status":"publish","type":"page","link":"https:\/\/www.anderkamera.de\/","title":{"rendered":"Portrait-Fotografie aus Essen"},"content":{"rendered":"\n<div class=\"wp-block-columns is-layout-flex wp-container-core-columns-is-layout-9d6595d7 wp-block-columns-is-layout-flex\">\n<div class=\"wp-block-column is-vertically-aligned-center is-layout-flow wp-block-column-is-layout-flow\" style=\"flex-basis:50%\">\n<div class=\"wp-block-image is-style-rounded\"><figure class=\"aligncenter size-large is-resized\"><img loading=\"lazy\" decoding=\"async\" src=\"https:\/\/www.anderkamera.de\/wp-content\/uploads\/2020\/09\/DSC8019-684x1024.jpg\" alt=\"\" class=\"wp-image-163\" width=\"475\" height=\"709\"\/><\/figure><\/div>\n<\/div>\n\n\n\n<div class=\"wp-block-column is-layout-flow wp-block-column-is-layout-flow\" style=\"flex-basis:50%\">\n<p style=\"font-size:px\">Hi, ich bin Matthias aus Essen an der Ruhr (also im sch\u00f6nen Ruhrgebiet), und ich mache Fotos. Von euch alleine, mit eurem Schatz, mit Babybauch, dem liebsten Haustier, Auto oder auch eurer Kaffeemaschine. <\/p>\n\n\n\n<p>Macht es euch bei euch zu Hause w\u00e4hrend eines Homeshootings bequem oder lasst euch drau\u00dfen inmitten der Industriekultur ablichten, ob tags oder nachts. Ebenso fotografiere ich euch w\u00e4hrend eurer Hobbys: beim Musizieren, Tanzen, Reiten, Pole, Fitness\u2026<\/p>\n\n\n\n<p>Feiert ihr einen JGA oder gar eure Hochzeit?<br>Kontaktiert mich f\u00fcr ein individuelles Angebot!<\/p>\n\n\n\n<p>Ihr habt selbst Ideen, die ihr umsetzen m\u00f6chtet? Sprecht mich gerne an!<\/p>\n\n\n\n<p>Ich freue mich auf eure Anfragen!<\/p>\n\n\n\n<p>Tel.: 0201 80059214<br>Mail: <a href=\"mailto:info@anderkamera.de\">info@anderkamera.de<\/a><\/p>\n<\/div>\n<\/div>\n","protected":false},"excerpt":{"rendered":"<p>Hi, ich bin Matthias aus Essen an der Ruhr (also im sch\u00f6nen Ruhrgebiet), und ich mache Fotos. Von euch alleine, mit eurem Schatz, mit Babybauch, dem liebsten Haustier, Auto oder<\/p>\n<p class=\"more-link\"><a href=\"https:\/\/www.anderkamera.de\/\" class=\"readmore\">Weiterlesen&#8230;<svg class=\"icon icon-arrow-right\" aria-hidden=\"true\" role=\"img\"> <use href=\"#icon-arrow-right\" xlink:href=\"#icon-arrow-right\"><\/use> <\/svg><span class=\"screen-reader-text\">Portrait-Fotografie aus Essen<\/span><\/a><\/p>\n","protected":false},"author":1,"featured_media":0,"parent":0,"menu_order":0,"comment_status":"closed","ping_status":"closed","template":"","meta":{"ngg_post_thumbnail":0,"footnotes":""},"class_list":["post-388","page","type-page","status-publish","hentry"],"_links":{"self":[{"href":"https:\/\/www.anderkamera.de\/index.php?rest_route=\/wp\/v2\/pages\/388","targetHints":{"allow":["GET"]}}],"collection":[{"href":"https:\/\/www.anderkamera.de\/index.php?rest_route=\/wp\/v2\/pages"}],"about":[{"href":"https:\/\/www.anderkamera.de\/index.php?rest_route=\/wp\/v2\/types\/page"}],"author":[{"embeddable":true,"href":"https:\/\/www.anderkamera.de\/index.php?rest_route=\/wp\/v2\/users\/1"}],"replies":[{"embeddable":true,"href":"https:\/\/www.anderkamera.de\/index.php?rest_route=%2Fwp%2Fv2%2Fcomments&post=388"}],"version-history":[{"count":15,"href":"https:\/\/www.anderkamera.de\/index.php?rest_route=\/wp\/v2\/pages\/388\/revisions"}],"predecessor-version":[{"id":445,"href":"https:\/\/www.anderkamera.de\/index.php?rest_route=\/wp\/v2\/pages\/388\/revisions\/445"}],"wp:attachment":[{"href":"https:\/\/www.anderkamera.de\/index.php?rest_route=%2Fwp%2Fv2%2Fmedia&parent=388"}],"curies":[{"name":"wp","href":"https:\/\/api.w.org\/{rel}","templated":true}]}}