{"id":209,"date":"2020-09-03T12:46:10","date_gmt":"2020-09-03T12:46:10","guid":{"rendered":"https:\/\/www.anderkamera.de\/?page_id=209"},"modified":"2026-03-25T10:36:21","modified_gmt":"2026-03-25T10:36:21","slug":"homeshooting","status":"publish","type":"page","link":"https:\/\/www.anderkamera.de\/?page_id=209","title":{"rendered":"Homeshooting"},"content":{"rendered":"\n<p>Bei meinem Homeshooting mit Kerstin und Ren\u00e9 habe ich diese sch\u00f6nen Aufnahmen von den beiden S\u00fc\u00dfen gemacht. Es war echt ein witziger und gelungener Nachmittag. Ein paar Einzelportraits gab es zwischendurch auch.<\/p>\n\n\n\n<figure class=\"wp-block-gallery has-nested-images columns-default is-cropped wp-block-gallery-1 is-layout-flex wp-block-gallery-is-layout-flex\">\n<figure class=\"wp-block-image size-large\"><a href=\"https:\/\/www.anderkamera.de\/wp-content\/uploads\/2020\/09\/DSC0609.jpg\"><img loading=\"lazy\" decoding=\"async\" width=\"1024\" height=\"684\" data-id=\"210\" src=\"https:\/\/www.anderkamera.de\/wp-content\/uploads\/2020\/09\/DSC0609-1024x684.jpg\" alt=\"\" class=\"wp-image-210\" srcset=\"https:\/\/www.anderkamera.de\/wp-content\/uploads\/2020\/09\/DSC0609-1024x684.jpg 1024w, https:\/\/www.anderkamera.de\/wp-content\/uploads\/2020\/09\/DSC0609-300x200.jpg 300w, https:\/\/www.anderkamera.de\/wp-content\/uploads\/2020\/09\/DSC0609-768x513.jpg 768w, https:\/\/www.anderkamera.de\/wp-content\/uploads\/2020\/09\/DSC0609-1536x1025.jpg 1536w, https:\/\/www.anderkamera.de\/wp-content\/uploads\/2020\/09\/DSC0609.jpg 1618w\" sizes=\"auto, (max-width: 1024px) 100vw, 1024px\" \/><\/a><\/figure>\n\n\n\n<figure class=\"wp-block-image size-large\"><a href=\"https:\/\/www.anderkamera.de\/wp-content\/uploads\/2020\/09\/DSC0619.jpg\"><img loading=\"lazy\" decoding=\"async\" width=\"1024\" height=\"684\" data-id=\"211\" src=\"https:\/\/www.anderkamera.de\/wp-content\/uploads\/2020\/09\/DSC0619-1024x684.jpg\" alt=\"\" class=\"wp-image-211\" srcset=\"https:\/\/www.anderkamera.de\/wp-content\/uploads\/2020\/09\/DSC0619-1024x684.jpg 1024w, https:\/\/www.anderkamera.de\/wp-content\/uploads\/2020\/09\/DSC0619-300x200.jpg 300w, https:\/\/www.anderkamera.de\/wp-content\/uploads\/2020\/09\/DSC0619-768x513.jpg 768w, https:\/\/www.anderkamera.de\/wp-content\/uploads\/2020\/09\/DSC0619-1536x1025.jpg 1536w, https:\/\/www.anderkamera.de\/wp-content\/uploads\/2020\/09\/DSC0619.jpg 1618w\" sizes=\"auto, (max-width: 1024px) 100vw, 1024px\" \/><\/a><\/figure>\n\n\n\n<figure class=\"wp-block-image size-large\"><a href=\"https:\/\/www.anderkamera.de\/wp-content\/uploads\/2020\/09\/DSC0622.jpg\"><img loading=\"lazy\" decoding=\"async\" width=\"1024\" height=\"684\" data-id=\"212\" src=\"https:\/\/www.anderkamera.de\/wp-content\/uploads\/2020\/09\/DSC0622-1024x684.jpg\" alt=\"\" class=\"wp-image-212\" srcset=\"https:\/\/www.anderkamera.de\/wp-content\/uploads\/2020\/09\/DSC0622-1024x684.jpg 1024w, https:\/\/www.anderkamera.de\/wp-content\/uploads\/2020\/09\/DSC0622-300x200.jpg 300w, https:\/\/www.anderkamera.de\/wp-content\/uploads\/2020\/09\/DSC0622-768x513.jpg 768w, https:\/\/www.anderkamera.de\/wp-content\/uploads\/2020\/09\/DSC0622-1536x1025.jpg 1536w, https:\/\/www.anderkamera.de\/wp-content\/uploads\/2020\/09\/DSC0622.jpg 1618w\" sizes=\"auto, (max-width: 1024px) 100vw, 1024px\" \/><\/a><\/figure>\n\n\n\n<figure class=\"wp-block-image size-large\"><a href=\"https:\/\/www.anderkamera.de\/wp-content\/uploads\/2020\/09\/DSC0633.jpg\"><img loading=\"lazy\" decoding=\"async\" width=\"684\" height=\"1024\" data-id=\"214\" src=\"https:\/\/www.anderkamera.de\/wp-content\/uploads\/2020\/09\/DSC0633-684x1024.jpg\" alt=\"\" class=\"wp-image-214\" srcset=\"https:\/\/www.anderkamera.de\/wp-content\/uploads\/2020\/09\/DSC0633-684x1024.jpg 684w, https:\/\/www.anderkamera.de\/wp-content\/uploads\/2020\/09\/DSC0633-200x300.jpg 200w, https:\/\/www.anderkamera.de\/wp-content\/uploads\/2020\/09\/DSC0633.jpg 721w\" sizes=\"auto, (max-width: 684px) 100vw, 684px\" \/><\/a><\/figure>\n\n\n\n<figure class=\"wp-block-image size-large\"><a href=\"https:\/\/www.anderkamera.de\/wp-content\/uploads\/2020\/09\/DSC0634.jpg\"><img loading=\"lazy\" decoding=\"async\" width=\"684\" height=\"1024\" data-id=\"215\" src=\"https:\/\/www.anderkamera.de\/wp-content\/uploads\/2020\/09\/DSC0634-684x1024.jpg\" alt=\"\" class=\"wp-image-215\" srcset=\"https:\/\/www.anderkamera.de\/wp-content\/uploads\/2020\/09\/DSC0634-684x1024.jpg 684w, https:\/\/www.anderkamera.de\/wp-content\/uploads\/2020\/09\/DSC0634-200x300.jpg 200w, https:\/\/www.anderkamera.de\/wp-content\/uploads\/2020\/09\/DSC0634.jpg 721w\" sizes=\"auto, (max-width: 684px) 100vw, 684px\" \/><\/a><\/figure>\n\n\n\n<figure class=\"wp-block-image size-large\"><a href=\"https:\/\/www.anderkamera.de\/wp-content\/uploads\/2020\/09\/DSC0636.jpg\"><img loading=\"lazy\" decoding=\"async\" width=\"684\" height=\"1024\" data-id=\"216\" src=\"https:\/\/www.anderkamera.de\/wp-content\/uploads\/2020\/09\/DSC0636-684x1024.jpg\" alt=\"\" class=\"wp-image-216\" srcset=\"https:\/\/www.anderkamera.de\/wp-content\/uploads\/2020\/09\/DSC0636-684x1024.jpg 684w, https:\/\/www.anderkamera.de\/wp-content\/uploads\/2020\/09\/DSC0636-200x300.jpg 200w, https:\/\/www.anderkamera.de\/wp-content\/uploads\/2020\/09\/DSC0636.jpg 721w\" sizes=\"auto, (max-width: 684px) 100vw, 684px\" \/><\/a><\/figure>\n\n\n\n<figure class=\"wp-block-image size-large\"><a href=\"https:\/\/www.anderkamera.de\/wp-content\/uploads\/2020\/09\/DSC0637-2.jpg\"><img loading=\"lazy\" decoding=\"async\" width=\"1024\" height=\"684\" data-id=\"218\" src=\"https:\/\/www.anderkamera.de\/wp-content\/uploads\/2020\/09\/DSC0637-2-1024x684.jpg\" alt=\"\" class=\"wp-image-218\" srcset=\"https:\/\/www.anderkamera.de\/wp-content\/uploads\/2020\/09\/DSC0637-2-1024x684.jpg 1024w, https:\/\/www.anderkamera.de\/wp-content\/uploads\/2020\/09\/DSC0637-2-300x200.jpg 300w, https:\/\/www.anderkamera.de\/wp-content\/uploads\/2020\/09\/DSC0637-2-768x513.jpg 768w, https:\/\/www.anderkamera.de\/wp-content\/uploads\/2020\/09\/DSC0637-2-1536x1025.jpg 1536w, https:\/\/www.anderkamera.de\/wp-content\/uploads\/2020\/09\/DSC0637-2.jpg 1618w\" sizes=\"auto, (max-width: 1024px) 100vw, 1024px\" \/><\/a><\/figure>\n\n\n\n<figure class=\"wp-block-image size-large\"><a href=\"https:\/\/www.anderkamera.de\/wp-content\/uploads\/2020\/09\/DSC0652.jpg\"><img loading=\"lazy\" decoding=\"async\" width=\"1024\" height=\"684\" data-id=\"220\" src=\"https:\/\/www.anderkamera.de\/wp-content\/uploads\/2020\/09\/DSC0652-1024x684.jpg\" alt=\"\" class=\"wp-image-220\" srcset=\"https:\/\/www.anderkamera.de\/wp-content\/uploads\/2020\/09\/DSC0652-1024x684.jpg 1024w, https:\/\/www.anderkamera.de\/wp-content\/uploads\/2020\/09\/DSC0652-300x200.jpg 300w, https:\/\/www.anderkamera.de\/wp-content\/uploads\/2020\/09\/DSC0652-768x513.jpg 768w, https:\/\/www.anderkamera.de\/wp-content\/uploads\/2020\/09\/DSC0652-1536x1025.jpg 1536w, https:\/\/www.anderkamera.de\/wp-content\/uploads\/2020\/09\/DSC0652.jpg 1618w\" sizes=\"auto, (max-width: 1024px) 100vw, 1024px\" \/><\/a><\/figure>\n\n\n\n<figure class=\"wp-block-image size-large\"><a href=\"https:\/\/www.anderkamera.de\/wp-content\/uploads\/2020\/09\/DSC0662.jpg\"><img loading=\"lazy\" decoding=\"async\" width=\"1024\" height=\"684\" data-id=\"222\" src=\"https:\/\/www.anderkamera.de\/wp-content\/uploads\/2020\/09\/DSC0662-1024x684.jpg\" alt=\"\" class=\"wp-image-222\" srcset=\"https:\/\/www.anderkamera.de\/wp-content\/uploads\/2020\/09\/DSC0662-1024x684.jpg 1024w, https:\/\/www.anderkamera.de\/wp-content\/uploads\/2020\/09\/DSC0662-300x200.jpg 300w, https:\/\/www.anderkamera.de\/wp-content\/uploads\/2020\/09\/DSC0662-768x513.jpg 768w, https:\/\/www.anderkamera.de\/wp-content\/uploads\/2020\/09\/DSC0662-1536x1025.jpg 1536w, https:\/\/www.anderkamera.de\/wp-content\/uploads\/2020\/09\/DSC0662.jpg 1618w\" sizes=\"auto, (max-width: 1024px) 100vw, 1024px\" \/><\/a><\/figure>\n\n\n\n<figure class=\"wp-block-image size-large\"><a href=\"https:\/\/www.anderkamera.de\/wp-content\/uploads\/2020\/09\/DSC0665.jpg\"><img loading=\"lazy\" decoding=\"async\" width=\"1024\" height=\"684\" data-id=\"223\" src=\"https:\/\/www.anderkamera.de\/wp-content\/uploads\/2020\/09\/DSC0665-1024x684.jpg\" alt=\"\" class=\"wp-image-223\" srcset=\"https:\/\/www.anderkamera.de\/wp-content\/uploads\/2020\/09\/DSC0665-1024x684.jpg 1024w, https:\/\/www.anderkamera.de\/wp-content\/uploads\/2020\/09\/DSC0665-300x200.jpg 300w, https:\/\/www.anderkamera.de\/wp-content\/uploads\/2020\/09\/DSC0665-768x513.jpg 768w, https:\/\/www.anderkamera.de\/wp-content\/uploads\/2020\/09\/DSC0665-1536x1025.jpg 1536w, https:\/\/www.anderkamera.de\/wp-content\/uploads\/2020\/09\/DSC0665.jpg 1618w\" sizes=\"auto, (max-width: 1024px) 100vw, 1024px\" \/><\/a><\/figure>\n\n\n\n<figure class=\"wp-block-image size-large\"><a href=\"https:\/\/www.anderkamera.de\/wp-content\/uploads\/2020\/09\/DSC0672.jpg\"><img loading=\"lazy\" decoding=\"async\" width=\"1024\" height=\"684\" data-id=\"224\" src=\"https:\/\/www.anderkamera.de\/wp-content\/uploads\/2020\/09\/DSC0672-1024x684.jpg\" alt=\"\" class=\"wp-image-224\" srcset=\"https:\/\/www.anderkamera.de\/wp-content\/uploads\/2020\/09\/DSC0672-1024x684.jpg 1024w, https:\/\/www.anderkamera.de\/wp-content\/uploads\/2020\/09\/DSC0672-300x200.jpg 300w, https:\/\/www.anderkamera.de\/wp-content\/uploads\/2020\/09\/DSC0672-768x513.jpg 768w, https:\/\/www.anderkamera.de\/wp-content\/uploads\/2020\/09\/DSC0672-1536x1025.jpg 1536w, https:\/\/www.anderkamera.de\/wp-content\/uploads\/2020\/09\/DSC0672.jpg 1618w\" sizes=\"auto, (max-width: 1024px) 100vw, 1024px\" \/><\/a><\/figure>\n\n\n\n<figure class=\"wp-block-image size-large\"><a href=\"https:\/\/www.anderkamera.de\/wp-content\/uploads\/2020\/09\/DSC0686.jpg\"><img loading=\"lazy\" decoding=\"async\" width=\"1024\" height=\"684\" data-id=\"225\" src=\"https:\/\/www.anderkamera.de\/wp-content\/uploads\/2020\/09\/DSC0686-1024x684.jpg\" alt=\"\" class=\"wp-image-225\" srcset=\"https:\/\/www.anderkamera.de\/wp-content\/uploads\/2020\/09\/DSC0686-1024x684.jpg 1024w, https:\/\/www.anderkamera.de\/wp-content\/uploads\/2020\/09\/DSC0686-300x200.jpg 300w, https:\/\/www.anderkamera.de\/wp-content\/uploads\/2020\/09\/DSC0686-768x513.jpg 768w, https:\/\/www.anderkamera.de\/wp-content\/uploads\/2020\/09\/DSC0686-1536x1025.jpg 1536w, https:\/\/www.anderkamera.de\/wp-content\/uploads\/2020\/09\/DSC0686.jpg 1618w\" sizes=\"auto, (max-width: 1024px) 100vw, 1024px\" \/><\/a><\/figure>\n\n\n\n<figure class=\"wp-block-image size-large\"><a href=\"https:\/\/www.anderkamera.de\/wp-content\/uploads\/2020\/09\/DSC0688.jpg\"><img loading=\"lazy\" decoding=\"async\" width=\"684\" height=\"1024\" data-id=\"226\" src=\"https:\/\/www.anderkamera.de\/wp-content\/uploads\/2020\/09\/DSC0688-684x1024.jpg\" alt=\"\" class=\"wp-image-226\" srcset=\"https:\/\/www.anderkamera.de\/wp-content\/uploads\/2020\/09\/DSC0688-684x1024.jpg 684w, https:\/\/www.anderkamera.de\/wp-content\/uploads\/2020\/09\/DSC0688-200x300.jpg 200w, https:\/\/www.anderkamera.de\/wp-content\/uploads\/2020\/09\/DSC0688.jpg 721w\" sizes=\"auto, (max-width: 684px) 100vw, 684px\" \/><\/a><\/figure>\n\n\n\n<figure class=\"wp-block-image size-large\"><a href=\"https:\/\/www.anderkamera.de\/wp-content\/uploads\/2020\/09\/DSC0697.jpg\"><img loading=\"lazy\" decoding=\"async\" width=\"684\" height=\"1024\" data-id=\"227\" src=\"https:\/\/www.anderkamera.de\/wp-content\/uploads\/2020\/09\/DSC0697-684x1024.jpg\" alt=\"\" class=\"wp-image-227\" srcset=\"https:\/\/www.anderkamera.de\/wp-content\/uploads\/2020\/09\/DSC0697-684x1024.jpg 684w, https:\/\/www.anderkamera.de\/wp-content\/uploads\/2020\/09\/DSC0697-200x300.jpg 200w, https:\/\/www.anderkamera.de\/wp-content\/uploads\/2020\/09\/DSC0697.jpg 721w\" sizes=\"auto, (max-width: 684px) 100vw, 684px\" \/><\/a><\/figure>\n\n\n\n<figure class=\"wp-block-image size-large\"><a href=\"https:\/\/www.anderkamera.de\/wp-content\/uploads\/2020\/09\/DSC0714.jpg\"><img loading=\"lazy\" decoding=\"async\" width=\"1024\" height=\"684\" data-id=\"228\" src=\"https:\/\/www.anderkamera.de\/wp-content\/uploads\/2020\/09\/DSC0714-1024x684.jpg\" alt=\"\" class=\"wp-image-228\" srcset=\"https:\/\/www.anderkamera.de\/wp-content\/uploads\/2020\/09\/DSC0714-1024x684.jpg 1024w, https:\/\/www.anderkamera.de\/wp-content\/uploads\/2020\/09\/DSC0714-300x200.jpg 300w, https:\/\/www.anderkamera.de\/wp-content\/uploads\/2020\/09\/DSC0714-768x513.jpg 768w, https:\/\/www.anderkamera.de\/wp-content\/uploads\/2020\/09\/DSC0714-1536x1025.jpg 1536w, https:\/\/www.anderkamera.de\/wp-content\/uploads\/2020\/09\/DSC0714.jpg 1618w\" sizes=\"auto, (max-width: 1024px) 100vw, 1024px\" \/><\/a><\/figure>\n\n\n\n<figure class=\"wp-block-image size-large\"><a href=\"https:\/\/www.anderkamera.de\/wp-content\/uploads\/2020\/09\/DSC0719.jpg\"><img loading=\"lazy\" decoding=\"async\" width=\"1024\" height=\"684\" data-id=\"230\" src=\"https:\/\/www.anderkamera.de\/wp-content\/uploads\/2020\/09\/DSC0719-1024x684.jpg\" alt=\"\" class=\"wp-image-230\" srcset=\"https:\/\/www.anderkamera.de\/wp-content\/uploads\/2020\/09\/DSC0719-1024x684.jpg 1024w, https:\/\/www.anderkamera.de\/wp-content\/uploads\/2020\/09\/DSC0719-300x200.jpg 300w, https:\/\/www.anderkamera.de\/wp-content\/uploads\/2020\/09\/DSC0719-768x513.jpg 768w, https:\/\/www.anderkamera.de\/wp-content\/uploads\/2020\/09\/DSC0719-1536x1025.jpg 1536w, https:\/\/www.anderkamera.de\/wp-content\/uploads\/2020\/09\/DSC0719.jpg 1618w\" sizes=\"auto, (max-width: 1024px) 100vw, 1024px\" \/><\/a><\/figure>\n\n\n\n<figure class=\"wp-block-image size-large\"><a href=\"https:\/\/www.anderkamera.de\/wp-content\/uploads\/2020\/09\/DSC0729-3.jpg\"><img loading=\"lazy\" decoding=\"async\" width=\"1024\" height=\"684\" data-id=\"234\" src=\"https:\/\/www.anderkamera.de\/wp-content\/uploads\/2020\/09\/DSC0729-3-1024x684.jpg\" alt=\"\" class=\"wp-image-234\" srcset=\"https:\/\/www.anderkamera.de\/wp-content\/uploads\/2020\/09\/DSC0729-3-1024x684.jpg 1024w, https:\/\/www.anderkamera.de\/wp-content\/uploads\/2020\/09\/DSC0729-3-300x200.jpg 300w, https:\/\/www.anderkamera.de\/wp-content\/uploads\/2020\/09\/DSC0729-3-768x513.jpg 768w, https:\/\/www.anderkamera.de\/wp-content\/uploads\/2020\/09\/DSC0729-3-1536x1025.jpg 1536w, https:\/\/www.anderkamera.de\/wp-content\/uploads\/2020\/09\/DSC0729-3.jpg 1618w\" sizes=\"auto, (max-width: 1024px) 100vw, 1024px\" \/><\/a><\/figure>\n\n\n\n<figure class=\"wp-block-image size-large\"><a href=\"https:\/\/www.anderkamera.de\/wp-content\/uploads\/2020\/09\/DSC0740-2.jpg\"><img loading=\"lazy\" decoding=\"async\" width=\"1024\" height=\"684\" data-id=\"239\" src=\"https:\/\/www.anderkamera.de\/wp-content\/uploads\/2020\/09\/DSC0740-2-1024x684.jpg\" alt=\"\" class=\"wp-image-239\" srcset=\"https:\/\/www.anderkamera.de\/wp-content\/uploads\/2020\/09\/DSC0740-2-1024x684.jpg 1024w, https:\/\/www.anderkamera.de\/wp-content\/uploads\/2020\/09\/DSC0740-2-300x200.jpg 300w, https:\/\/www.anderkamera.de\/wp-content\/uploads\/2020\/09\/DSC0740-2-768x513.jpg 768w, https:\/\/www.anderkamera.de\/wp-content\/uploads\/2020\/09\/DSC0740-2-1536x1025.jpg 1536w, https:\/\/www.anderkamera.de\/wp-content\/uploads\/2020\/09\/DSC0740-2.jpg 1618w\" sizes=\"auto, (max-width: 1024px) 100vw, 1024px\" \/><\/a><\/figure>\n\n\n\n<figure class=\"wp-block-image size-large\"><a href=\"https:\/\/www.anderkamera.de\/wp-content\/uploads\/2020\/09\/DSC0748.jpg\"><img loading=\"lazy\" decoding=\"async\" width=\"1024\" height=\"684\" data-id=\"240\" src=\"https:\/\/www.anderkamera.de\/wp-content\/uploads\/2020\/09\/DSC0748-1024x684.jpg\" alt=\"\" class=\"wp-image-240\" srcset=\"https:\/\/www.anderkamera.de\/wp-content\/uploads\/2020\/09\/DSC0748-1024x684.jpg 1024w, https:\/\/www.anderkamera.de\/wp-content\/uploads\/2020\/09\/DSC0748-300x200.jpg 300w, https:\/\/www.anderkamera.de\/wp-content\/uploads\/2020\/09\/DSC0748-768x513.jpg 768w, https:\/\/www.anderkamera.de\/wp-content\/uploads\/2020\/09\/DSC0748-1536x1025.jpg 1536w, https:\/\/www.anderkamera.de\/wp-content\/uploads\/2020\/09\/DSC0748.jpg 1618w\" sizes=\"auto, (max-width: 1024px) 100vw, 1024px\" \/><\/a><\/figure>\n\n\n\n<figure class=\"wp-block-image size-large\"><a href=\"https:\/\/www.anderkamera.de\/wp-content\/uploads\/2020\/09\/DSC0756.jpg\"><img loading=\"lazy\" decoding=\"async\" width=\"1024\" height=\"684\" data-id=\"243\" src=\"https:\/\/www.anderkamera.de\/wp-content\/uploads\/2020\/09\/DSC0756-1024x684.jpg\" alt=\"\" class=\"wp-image-243\" srcset=\"https:\/\/www.anderkamera.de\/wp-content\/uploads\/2020\/09\/DSC0756-1024x684.jpg 1024w, https:\/\/www.anderkamera.de\/wp-content\/uploads\/2020\/09\/DSC0756-300x200.jpg 300w, https:\/\/www.anderkamera.de\/wp-content\/uploads\/2020\/09\/DSC0756-768x513.jpg 768w, https:\/\/www.anderkamera.de\/wp-content\/uploads\/2020\/09\/DSC0756-1536x1025.jpg 1536w, https:\/\/www.anderkamera.de\/wp-content\/uploads\/2020\/09\/DSC0756.jpg 1618w\" sizes=\"auto, (max-width: 1024px) 100vw, 1024px\" \/><\/a><\/figure>\n\n\n\n<figure class=\"wp-block-image size-large\"><a href=\"https:\/\/www.anderkamera.de\/wp-content\/uploads\/2020\/09\/DSC0765-2.jpg\"><img loading=\"lazy\" decoding=\"async\" width=\"1024\" height=\"684\" data-id=\"245\" src=\"https:\/\/www.anderkamera.de\/wp-content\/uploads\/2020\/09\/DSC0765-2-1024x684.jpg\" alt=\"\" class=\"wp-image-245\" srcset=\"https:\/\/www.anderkamera.de\/wp-content\/uploads\/2020\/09\/DSC0765-2-1024x684.jpg 1024w, https:\/\/www.anderkamera.de\/wp-content\/uploads\/2020\/09\/DSC0765-2-300x200.jpg 300w, https:\/\/www.anderkamera.de\/wp-content\/uploads\/2020\/09\/DSC0765-2-768x513.jpg 768w, https:\/\/www.anderkamera.de\/wp-content\/uploads\/2020\/09\/DSC0765-2-1536x1025.jpg 1536w, https:\/\/www.anderkamera.de\/wp-content\/uploads\/2020\/09\/DSC0765-2.jpg 1618w\" sizes=\"auto, (max-width: 1024px) 100vw, 1024px\" \/><\/a><\/figure>\n\n\n\n<figure class=\"wp-block-image size-large\"><a href=\"https:\/\/www.anderkamera.de\/wp-content\/uploads\/2020\/09\/DSC0783-2.jpg\"><img loading=\"lazy\" decoding=\"async\" width=\"1024\" height=\"684\" data-id=\"247\" src=\"https:\/\/www.anderkamera.de\/wp-content\/uploads\/2020\/09\/DSC0783-2-1024x684.jpg\" alt=\"\" class=\"wp-image-247\" srcset=\"https:\/\/www.anderkamera.de\/wp-content\/uploads\/2020\/09\/DSC0783-2-1024x684.jpg 1024w, https:\/\/www.anderkamera.de\/wp-content\/uploads\/2020\/09\/DSC0783-2-300x200.jpg 300w, https:\/\/www.anderkamera.de\/wp-content\/uploads\/2020\/09\/DSC0783-2-768x513.jpg 768w, https:\/\/www.anderkamera.de\/wp-content\/uploads\/2020\/09\/DSC0783-2-1536x1025.jpg 1536w, https:\/\/www.anderkamera.de\/wp-content\/uploads\/2020\/09\/DSC0783-2.jpg 1618w\" sizes=\"auto, (max-width: 1024px) 100vw, 1024px\" \/><\/a><\/figure>\n\n\n\n<figure class=\"wp-block-image size-large\"><a href=\"https:\/\/www.anderkamera.de\/wp-content\/uploads\/2020\/09\/DSC0794.jpg\"><img loading=\"lazy\" decoding=\"async\" width=\"684\" height=\"1024\" data-id=\"249\" src=\"https:\/\/www.anderkamera.de\/wp-content\/uploads\/2020\/09\/DSC0794-684x1024.jpg\" alt=\"\" class=\"wp-image-249\" srcset=\"https:\/\/www.anderkamera.de\/wp-content\/uploads\/2020\/09\/DSC0794-684x1024.jpg 684w, https:\/\/www.anderkamera.de\/wp-content\/uploads\/2020\/09\/DSC0794-200x300.jpg 200w, https:\/\/www.anderkamera.de\/wp-content\/uploads\/2020\/09\/DSC0794.jpg 721w\" sizes=\"auto, (max-width: 684px) 100vw, 684px\" \/><\/a><\/figure>\n\n\n\n<figure class=\"wp-block-image size-large\"><a href=\"https:\/\/www.anderkamera.de\/wp-content\/uploads\/2020\/09\/DSC0806.jpg\"><img loading=\"lazy\" decoding=\"async\" width=\"684\" height=\"1024\" data-id=\"250\" src=\"https:\/\/www.anderkamera.de\/wp-content\/uploads\/2020\/09\/DSC0806-684x1024.jpg\" alt=\"\" class=\"wp-image-250\" srcset=\"https:\/\/www.anderkamera.de\/wp-content\/uploads\/2020\/09\/DSC0806-684x1024.jpg 684w, https:\/\/www.anderkamera.de\/wp-content\/uploads\/2020\/09\/DSC0806-200x300.jpg 200w, https:\/\/www.anderkamera.de\/wp-content\/uploads\/2020\/09\/DSC0806.jpg 721w\" sizes=\"auto, (max-width: 684px) 100vw, 684px\" \/><\/a><\/figure>\n<\/figure>\n","protected":false},"excerpt":{"rendered":"<p>Bei meinem Homeshooting mit Kerstin und Ren\u00e9 habe ich diese sch\u00f6nen Aufnahmen von den beiden S\u00fc\u00dfen gemacht. Es war echt ein witziger und gelungener Nachmittag. Ein paar Einzelportraits gab es<\/p>\n<p class=\"more-link\"><a href=\"https:\/\/www.anderkamera.de\/?page_id=209\" class=\"readmore\">Weiterlesen&#8230;<svg class=\"icon icon-arrow-right\" aria-hidden=\"true\" role=\"img\"> <use href=\"#icon-arrow-right\" xlink:href=\"#icon-arrow-right\"><\/use> <\/svg><span class=\"screen-reader-text\">Homeshooting<\/span><\/a><\/p>\n","protected":false},"author":1,"featured_media":0,"parent":0,"menu_order":0,"comment_status":"closed","ping_status":"closed","template":"","meta":{"ngg_post_thumbnail":0,"footnotes":""},"class_list":["post-209","page","type-page","status-publish","hentry"],"_links":{"self":[{"href":"https:\/\/www.anderkamera.de\/index.php?rest_route=\/wp\/v2\/pages\/209","targetHints":{"allow":["GET"]}}],"collection":[{"href":"https:\/\/www.anderkamera.de\/index.php?rest_route=\/wp\/v2\/pages"}],"about":[{"href":"https:\/\/www.anderkamera.de\/index.php?rest_route=\/wp\/v2\/types\/page"}],"author":[{"embeddable":true,"href":"https:\/\/www.anderkamera.de\/index.php?rest_route=\/wp\/v2\/users\/1"}],"replies":[{"embeddable":true,"href":"https:\/\/www.anderkamera.de\/index.php?rest_route=%2Fwp%2Fv2%2Fcomments&post=209"}],"version-history":[{"count":2,"href":"https:\/\/www.anderkamera.de\/index.php?rest_route=\/wp\/v2\/pages\/209\/revisions"}],"predecessor-version":[{"id":929,"href":"https:\/\/www.anderkamera.de\/index.php?rest_route=\/wp\/v2\/pages\/209\/revisions\/929"}],"wp:attachment":[{"href":"https:\/\/www.anderkamera.de\/index.php?rest_route=%2Fwp%2Fv2%2Fmedia&parent=209"}],"curies":[{"name":"wp","href":"https:\/\/api.w.org\/{rel}","templated":true}]}}